{"id":329,"date":"2025-04-13T17:24:31","date_gmt":"2025-04-13T17:24:31","guid":{"rendered":"https:\/\/verlorene-generation.com\/impressum\/"},"modified":"2026-01-19T11:20:59","modified_gmt":"2026-01-19T11:20:59","slug":"impressum","status":"publish","type":"page","link":"https:\/\/verlorene-generation.com\/en\/impressum\/","title":{"rendered":"Legal notice"},"content":{"rendered":"<h1><strong>Legal notice<\/strong><\/h1>\n<p>&nbsp;<\/p>\n<p>Operator and responsible for content:<\/p>\n<p>Prof. Dr. Heinz R. B\u00f6hme gemeinn\u00fctzige Stiftung Salzburg<br \/>\nMuseum of Lost Generation Art<br \/>\nGZ 2020-0.144.410, ERsB: 9110028689475,<br \/>\nUID: ATU75542469<br \/>\nSigmund-Haffner-Gasse 12\/1. Stock<br \/>\n5020 Salzburg, Austria<\/p>\n<p>Email:\u00a0<a href=\"mailto:museum@verlorene-generation.com\">museum@verlorene-generation.com<\/a><br \/>\nWebsite:\u00a0<a href=\"http:\/\/verlorene-generation.com\/en\/\" target=\"_blank\" rel=\"noopener noreferrer nofollow\">www.verlorene-generation.com<\/a><br \/>\nTelefon:\u00a0<a href=\"tel:+43%20662%20276231%E2%80%AC\">+43 662 276231<\/a><br \/>\n<a href=\"https:\/\/www.google.at\/maps\/place\/Museum+Kunst+der+Verlorenen+Generation\/@47.7991877,13.0418219,17z\/data=!3m1!4b1!4m5!3m4!1s0x477691eb6a8e1f47:0x716804ed08a5bdc2!8m2!3d47.7991877!4d13.0440159\" target=\"_blank\" rel=\"noopener noreferrer nofollow\">Maps<\/a><\/p>\n<p>The layout and design of the website as a whole and its individual elements are protected by copyright. The same applies to the content contributions.<br \/>\nReuse and reproduction are permitted for private purposes only; no changes may be made.<\/p>\n<p><strong>Design &amp; Programming<\/strong><\/p>\n<p>ADPRICO GmbH<br \/>\nFischachstra\u00dfe 36<br \/>\nA-5101 Bergheim, Austria<br \/>\n<a href=\"https:\/\/www.adprico.at\/\" target=\"_blank\" rel=\"noopener noreferrer nofollow\">https:\/\/www.adprico.at<\/a><br \/>\n<a href=\"mailto:office@adprico.at\">office@adprico.at<\/a><br \/>\nT +43 662 454150-0<\/p>\n<p>&nbsp;<\/p>\n<p><strong>Photography<\/strong><\/p>\n<p>Hubert Auer, Salzburg, Austria<br \/>\n<a href=\"https:\/\/www.hubertauer.at\/\" target=\"_blank\" rel=\"noopener noreferrer nofollow\">https:\/\/www.hubertauer.at<\/a><br \/>\nFlorian St\u00fcrzenbaum, Salzburg, Austria<br \/>\n<a href=\"https:\/\/www.stuerzenbaum.at\/\" target=\"_blank\" rel=\"noopener noreferrer nofollow\">https:\/\/www.stuerzenbaum.at<\/a><\/p>\n<p><strong>Disclaimer\/Legal information<\/strong><\/p>\n<p>The Prof. Dr. Heinz R. B\u00f6hme Charitable Foundation Salzburg has made every reasonable effort to ensure that the information provided on this website is accurate and complete at the time of publication.<br \/>\nRegardless of this, unintentional errors may occur. All information is provided without guarantee. The Prof. Dr. Heinz R. B\u00f6hme charitable foundation accepts no liability.<\/p>\n<p><strong>Copyright and usage rights notice<\/strong><\/p>\n<p>S\u00e4mtliche auf der Website pr\u00e4sentierten oder zur Verf\u00fcgung gestellten Werke sind urheberrechtlich<br \/>\ngesch\u00fctzt und liegen alle Rechte, insbesondere das Recht der Vervielf\u00e4ltigung, der<br \/>\nVerbreitung und der Bearbeitung bei der Prof. Dr. Heinz R. B\u00f6hme gemeinn\u00fctzige Stiftung<br \/>\nSalzburg oder Dritten. Eine Verwendung dieser Werke, ob als Ganzes oder in Teilen, ist nur<br \/>\nnach vorheriger schriftlicher Zustimmung gestattet.<\/p>\n<p><strong>Haftung f\u00fcr Links zu externen Seiten<\/strong><\/p>\n<p>Sofern sich Links auf externe Seiten Dritter auf der Website finden, hat die Prof. Dr. Heinz R.<br \/>\nB\u00f6hme gemeinn\u00fctzige Stiftung Salzburg keinen Einfluss auf deren Inhalte. Aus diesem Grunde<br \/>\nkann die Prof. Dr. Heinz R. B\u00f6hme gemeinn\u00fctzige Stiftung Salzburg f\u00fcr die Richtigkeit,<br \/>\nVollst\u00e4ndigkeit und rechtliche Zul\u00e4ssigkeit der Inhalte keine Gew\u00e4hr \u00fcbernehmen. F\u00fcr die<br \/>\nInhalte dieser externen Seiten ist immer der jeweilige Anbieter oder Betreiber verantwortlich.<br \/>\nZum Zeitpunkt der Verlinkung wurden die externen Seiten auf m\u00f6gliche Rechtsverletzungen<br \/>\n\u00fcberpr\u00fcft und konnten keinerlei Rechtsverletzungen festgestellt werden. Wird uns eine<br \/>\nRechtsverletzung bekannt, werden wir den Link sofort l\u00f6schen.<\/p>\n<p>Stand Juli 2025.<\/p>\n<p><img decoding=\"async\" src=\"\/wp-content\/uploads\/2025\/10\/museum-verlorene-generation-Logo-land-salzburg.png\" alt=\"Logo von Land Salzburg\" \/><br \/>\nDiese Website ist mit der Unterst\u00fctzung des Landes Salzburg entstanden.<\/p>\n<p><img loading=\"lazy\" decoding=\"async\" class=\"alignnone size-medium wp-image-2129\" src=\"https:\/\/verlorene-generation.com\/wp-content\/uploads\/2026\/01\/stadtlogo_rgb-300x53.jpg\" alt=\"Stadtlogo rgb\" width=\"300\" height=\"53\" srcset=\"https:\/\/verlorene-generation.com\/wp-content\/uploads\/2026\/01\/stadtlogo_rgb-300x53.jpg 300w, https:\/\/verlorene-generation.com\/wp-content\/uploads\/2026\/01\/stadtlogo_rgb-1024x180.jpg 1024w, https:\/\/verlorene-generation.com\/wp-content\/uploads\/2026\/01\/stadtlogo_rgb-768x135.jpg 768w, https:\/\/verlorene-generation.com\/wp-content\/uploads\/2026\/01\/stadtlogo_rgb-18x3.jpg 18w, https:\/\/verlorene-generation.com\/wp-content\/uploads\/2026\/01\/stadtlogo_rgb-60x11.jpg 60w, https:\/\/verlorene-generation.com\/wp-content\/uploads\/2026\/01\/stadtlogo_rgb-600x105.jpg 600w, https:\/\/verlorene-generation.com\/wp-content\/uploads\/2026\/01\/stadtlogo_rgb.jpg 1129w\" sizes=\"auto, (max-width: 300px) 100vw, 300px\" \/><\/p>\n<p>Das Museum Kunst der Verlorenen Generation wird von der Stadt Salzburg unterst\u00fctzt.<\/p>\n<p><img decoding=\"async\" src=\"\/wp-content\/uploads\/2025\/10\/museum-verlorene-generation-oesterreichisches-museumsguetesiegel.png\" alt=\"Logo von \u00f6sterreichisches Museumsg\u00fctesiegel\" \/><br \/>\nDas Museum Kunst der Verlorenen Generation ist seit 2021 Tr\u00e4ger des \u00d6sterreichischen Museumsg\u00fctesiegels.<\/p>\n<p><img decoding=\"async\" src=\"\/wp-content\/uploads\/2025\/10\/museum-verlorene-generation-Logo-bundesministerium-kunst-kultur.png\" alt=\"Logo von Bundesministerium Kunst, Kultur, \u00f6ffentlicher Dienst und Sport\" \/><br \/>\nDie Digitalisierung der Sammlung wurde durch das \u00f6sterreichische Bundesministerium f\u00fcr Kunst, Kultur, \u00f6ffentlichen Dienst und Sport unterst\u00fctzt.<\/p>\n<p><img decoding=\"async\" src=\"\/wp-content\/uploads\/2025\/10\/museum-verlorene-generation-Logo-Uniqa.png\" alt=\"Logo von Uniqa\" \/><br \/>\nDie UNIQA ist ein Sponsoringpartner des Museum Kunst der Verlorenen Generation.<\/p>","protected":false},"excerpt":{"rendered":"<p>Impressum &nbsp; Betreiber und f\u00fcr den Inhalt verantwortlich: Prof. Dr. Heinz R. B\u00f6hme gemeinn\u00fctzige Stiftung [&hellip;]<\/p>\n","protected":false},"author":1,"featured_media":0,"parent":0,"menu_order":1003,"comment_status":"closed","ping_status":"closed","template":"","meta":{"_acf_changed":false,"slim_seo":{"title":"Impressum - Museum der verlorenen Generation","description":"Impressum &nbsp; Betreiber und f\u00fcr den Inhalt verantwortlich: Prof. Dr. Heinz R. B\u00f6hme gemeinn\u00fctzige Stiftung Salzburg Museum Kunst der Verlorenen Generation GZ"},"footnotes":""},"class_list":["post-329","page","type-page","status-publish","hentry"],"acf":[],"_links":{"self":[{"href":"https:\/\/verlorene-generation.com\/en\/wp-json\/wp\/v2\/pages\/329","targetHints":{"allow":["GET"]}}],"collection":[{"href":"https:\/\/verlorene-generation.com\/en\/wp-json\/wp\/v2\/pages"}],"about":[{"href":"https:\/\/verlorene-generation.com\/en\/wp-json\/wp\/v2\/types\/page"}],"author":[{"embeddable":true,"href":"https:\/\/verlorene-generation.com\/en\/wp-json\/wp\/v2\/users\/1"}],"replies":[{"embeddable":true,"href":"https:\/\/verlorene-generation.com\/en\/wp-json\/wp\/v2\/comments?post=329"}],"version-history":[{"count":9,"href":"https:\/\/verlorene-generation.com\/en\/wp-json\/wp\/v2\/pages\/329\/revisions"}],"predecessor-version":[{"id":2131,"href":"https:\/\/verlorene-generation.com\/en\/wp-json\/wp\/v2\/pages\/329\/revisions\/2131"}],"wp:attachment":[{"href":"https:\/\/verlorene-generation.com\/en\/wp-json\/wp\/v2\/media?parent=329"}],"curies":[{"name":"wp","href":"https:\/\/api.w.org\/{rel}","templated":true}]}}