{"id":2158,"date":"2026-02-06T16:14:28","date_gmt":"2026-02-06T15:14:28","guid":{"rendered":"https:\/\/verlorene-generation.com\/?post_type=product&#038;p=2158"},"modified":"2026-02-11T14:06:45","modified_gmt":"2026-02-11T13:06:45","slug":"weiter-leben","status":"publish","type":"product","link":"https:\/\/verlorene-generation.com\/en\/product\/weiter-leben\/","title":{"rendered":"weiter leben"},"content":{"rendered":"<p><b>Mit sieben Jahren durfte sie in ihrer Heimatstadt Wien auf keiner Parkbank mehr sitzen. Mit elf kam sie ins KZ. Ruth Kl\u00fcger erz\u00e4hlt ihre Kindheit und Jugend.<\/b><\/p>\n<p>Mit unbestechlicher Klarheit und souver\u00e4ner Menschlichkeit berichtet sie vom Grauen der Vernichtungslager und vom \u00bbweiter leben\u00ab. Als sie trotz der Verbote f\u00fcr Juden ins Kino geht, um Walt Disneys Schneewittchen zu sehen, stellt eine Nachbarstochter sie blo\u00df und droht mit Anzeige.<\/p>\n<p>\u00bbDer Tod, nicht Sex war das Geheimnis, wor\u00fcber die Erwachsenen tuschelten, wovon man gern mehr geh\u00f6rt h\u00e4tte. Ich gab vor, nicht schlafen zu k\u00f6nnen, bettelte, da\u00df man mich auf dem Sofa im Wohnzimmer (eigentlich sagten wir Salon) einschlafen lie\u00dfe, schlief dann nat\u00fcrlich nicht ein, hatte den Kopf unter der Decke und hoffte, etwas von den Schreckensnachrichten aufzufangen, die man am Tisch zum besten gab. Manche handelten von Unbekannten, manche von Verwandten ...\u00ab<\/p>\n<p>&nbsp;<\/p>","protected":false},"excerpt":{"rendered":"<p><strong>Autorin:<\/strong> Ruth Kl\u00fcger<br \/>\n<strong>Sprache:<\/strong> Deutsch<br \/>\n<strong>Buch:<\/strong> Taschenbuch<br \/>\n<strong>Seiten:<\/strong> 288<br \/>\n<strong>Verlag:<\/strong> dtv Verlagsgesellschaft<\/p>","protected":false},"featured_media":2159,"template":"","meta":{"_acf_changed":false,"slim_seo":{"title":"weiter leben - Museum der verlorenen Generation","description":"Autorin: Ruth Kl\u00fcger Sprache: Deutsch Buch: Taschenbuch Seiten: 288 Verlag: dtv Verlagsgesellschaft"}},"product_brand":[],"product_cat":[114],"product_tag":[120],"class_list":{"0":"post-2158","1":"product","2":"type-product","3":"status-publish","4":"has-post-thumbnail","6":"product_cat-buecher","7":"product_tag-buch","8":"product_shipping_class-faecher-felix-u-felka-jagd-auf-w-sam","10":"first","11":"instock","12":"taxable","13":"shipping-taxable","14":"purchasable","15":"product-type-simple"},"acf":[],"_links":{"self":[{"href":"https:\/\/verlorene-generation.com\/en\/wp-json\/wp\/v2\/product\/2158","targetHints":{"allow":["GET"]}}],"collection":[{"href":"https:\/\/verlorene-generation.com\/en\/wp-json\/wp\/v2\/product"}],"about":[{"href":"https:\/\/verlorene-generation.com\/en\/wp-json\/wp\/v2\/types\/product"}],"wp:featuredmedia":[{"embeddable":true,"href":"https:\/\/verlorene-generation.com\/en\/wp-json\/wp\/v2\/media\/2159"}],"wp:attachment":[{"href":"https:\/\/verlorene-generation.com\/en\/wp-json\/wp\/v2\/media?parent=2158"}],"wp:term":[{"taxonomy":"product_brand","embeddable":true,"href":"https:\/\/verlorene-generation.com\/en\/wp-json\/wp\/v2\/product_brand?post=2158"},{"taxonomy":"product_cat","embeddable":true,"href":"https:\/\/verlorene-generation.com\/en\/wp-json\/wp\/v2\/product_cat?post=2158"},{"taxonomy":"product_tag","embeddable":true,"href":"https:\/\/verlorene-generation.com\/en\/wp-json\/wp\/v2\/product_tag?post=2158"}],"curies":[{"name":"wp","href":"https:\/\/api.w.org\/{rel}","templated":true}]}}