{"id":2174,"date":"2026-02-24T14:53:43","date_gmt":"2026-02-24T13:53:43","guid":{"rendered":"https:\/\/verlorene-generation.com\/?post_type=product&#038;p=2174"},"modified":"2026-02-24T15:12:16","modified_gmt":"2026-02-24T14:12:16","slug":"unterwegs-verloren-erinnerungen","status":"publish","type":"product","link":"https:\/\/verlorene-generation.com\/en\/product\/unterwegs-verloren-erinnerungen\/","title":{"rendered":"unterwegs verloren - Erinnerungen"},"content":{"rendered":"<p><strong>Was unterwegs verloren geht, bist immer du selbst\u00a0<\/strong><\/p>\n<p>Aus den Konzentrationslagern Hitlers nur durch einen gl\u00fccklichen Zufall errettet, wurde Ruth Kl\u00fcger in den USA zur angesehenen Literaturwissenschaftlerin, selbstbewussten Feministin und international ausgezeichneten Schriftstellerin. Die komplexe Beziehung zur Mutter, den beiden S\u00f6hnen, die ungl\u00fcckliche Ehe, die Ressentiments, mit denen sie als Frau und als J\u00fcdin an amerikanischen Universit\u00e4ten zu k\u00e4mpfen hatte, sind Themen dieser Autobiographie. Hier erz\u00e4hlt eine Frau, die sich ihre Muttersprache zur\u00fcckerobert, die sich mit den Verlusten, die das Altern bringt, auseinandersetzt, die sich den Schatten und Visionen der Vergangenheit und der Gegenwart stellt.<\/p>\n<p>\u00bbIn der F\u00fclle der \u00dcberlebenszeugnisse \u00fcber den Holocaust z\u00e4hlt dasjenige Ruth Kl\u00fcgers zu den bewegendsten, verst\u00f6rendsten - ein St\u00fcck Weltliteratur.\u00ab<br \/>\n<i>Ulrich Weinzierl in \u203aLiterarische Welt\u2039\u00a0\u00a0\u00a0<\/i><\/p>\n<p>&nbsp;<\/p>","protected":false},"excerpt":{"rendered":"<p><strong>Autorin:<\/strong> Ruth Kl\u00fcger<br \/>\n<strong>Sprache:<\/strong> Deutsch<br \/>\n<strong>Buch:<\/strong> Taschenbuch<br \/>\n<strong>Seiten:<\/strong> 240<br \/>\n<strong>Verlag:<\/strong> dtv Verlagsgesellschaft<\/p>","protected":false},"featured_media":2175,"template":"","meta":{"_acf_changed":false,"slim_seo":{"title":"unterwegs verloren - Erinnerungen - Museum der verlorenen Generation","description":"Autorin: Ruth Kl\u00fcger Sprache: Deutsch Buch: Taschenbuch Seiten: 240 Verlag: dtv Verlagsgesellschaft"}},"product_brand":[],"product_cat":[114],"product_tag":[120],"class_list":{"0":"post-2174","1":"product","2":"type-product","3":"status-publish","4":"has-post-thumbnail","6":"product_cat-buecher","7":"product_tag-buch","8":"product_shipping_class-faecher-felix-u-felka-jagd-auf-w-sam","10":"first","11":"instock","12":"taxable","13":"shipping-taxable","14":"purchasable","15":"product-type-simple"},"acf":[],"_links":{"self":[{"href":"https:\/\/verlorene-generation.com\/en\/wp-json\/wp\/v2\/product\/2174","targetHints":{"allow":["GET"]}}],"collection":[{"href":"https:\/\/verlorene-generation.com\/en\/wp-json\/wp\/v2\/product"}],"about":[{"href":"https:\/\/verlorene-generation.com\/en\/wp-json\/wp\/v2\/types\/product"}],"wp:featuredmedia":[{"embeddable":true,"href":"https:\/\/verlorene-generation.com\/en\/wp-json\/wp\/v2\/media\/2175"}],"wp:attachment":[{"href":"https:\/\/verlorene-generation.com\/en\/wp-json\/wp\/v2\/media?parent=2174"}],"wp:term":[{"taxonomy":"product_brand","embeddable":true,"href":"https:\/\/verlorene-generation.com\/en\/wp-json\/wp\/v2\/product_brand?post=2174"},{"taxonomy":"product_cat","embeddable":true,"href":"https:\/\/verlorene-generation.com\/en\/wp-json\/wp\/v2\/product_cat?post=2174"},{"taxonomy":"product_tag","embeddable":true,"href":"https:\/\/verlorene-generation.com\/en\/wp-json\/wp\/v2\/product_tag?post=2174"}],"curies":[{"name":"wp","href":"https:\/\/api.w.org\/{rel}","templated":true}]}}