{"id":803,"date":"2025-11-06T15:11:51","date_gmt":"2025-11-06T15:11:51","guid":{"rendered":"https:\/\/verlorene-generation.com\/?post_type=product&#038;p=803"},"modified":"2025-11-26T15:50:06","modified_gmt":"2025-11-26T15:50:06","slug":"jahreskarte","status":"publish","type":"product","link":"https:\/\/verlorene-generation.com\/en\/product\/jahreskarte\/","title":{"rendered":"Annual pass"},"content":{"rendered":"<p>Genie\u00dfen Sie 12 Monate unbegrenzt Kunst der Verlorenen Generation und bereiten Sie sich selbst oder anderen eine Freude mit unserer Jahreskarte!<\/p>\n<p>&nbsp;<\/p>\n<p>&nbsp;<\/p>\n<p>&nbsp;<\/p>\n<p>&nbsp;<\/p>","protected":false},"excerpt":{"rendered":"<ul>\n<li>Nur mit Lichtbildausweis<\/li>\n<li>G\u00fcltig f\u00fcr eine Person<\/li>\n<li>Nicht \u00fcbertragbar<\/li>\n<li>Kein Umtausch<\/li>\n<\/ul>\n<p>&nbsp;<\/p>","protected":false},"featured_media":844,"template":"","meta":{"_acf_changed":false,"slim_seo":{"title":"Jahreskarte - Museum der verlorenen Generation","description":"Nur mit Lichtbildausweis G\u00fcltig f\u00fcr eine Person Nicht \u00fcbertragbar Kein Umtausch &nbsp;"}},"product_brand":[],"product_cat":[118],"product_tag":[],"class_list":{"0":"post-803","1":"product","2":"type-product","3":"status-publish","4":"has-post-thumbnail","6":"product_cat-eintritt","7":"product_shipping_class-jahreskarte","9":"first","10":"instock","11":"taxable","12":"shipping-taxable","13":"purchasable","14":"product-type-simple"},"acf":[],"_links":{"self":[{"href":"https:\/\/verlorene-generation.com\/en\/wp-json\/wp\/v2\/product\/803","targetHints":{"allow":["GET"]}}],"collection":[{"href":"https:\/\/verlorene-generation.com\/en\/wp-json\/wp\/v2\/product"}],"about":[{"href":"https:\/\/verlorene-generation.com\/en\/wp-json\/wp\/v2\/types\/product"}],"wp:featuredmedia":[{"embeddable":true,"href":"https:\/\/verlorene-generation.com\/en\/wp-json\/wp\/v2\/media\/844"}],"wp:attachment":[{"href":"https:\/\/verlorene-generation.com\/en\/wp-json\/wp\/v2\/media?parent=803"}],"wp:term":[{"taxonomy":"product_brand","embeddable":true,"href":"https:\/\/verlorene-generation.com\/en\/wp-json\/wp\/v2\/product_brand?post=803"},{"taxonomy":"product_cat","embeddable":true,"href":"https:\/\/verlorene-generation.com\/en\/wp-json\/wp\/v2\/product_cat?post=803"},{"taxonomy":"product_tag","embeddable":true,"href":"https:\/\/verlorene-generation.com\/en\/wp-json\/wp\/v2\/product_tag?post=803"}],"curies":[{"name":"wp","href":"https:\/\/api.w.org\/{rel}","templated":true}]}}