{"id":805,"date":"2025-11-06T15:11:58","date_gmt":"2025-11-06T15:11:58","guid":{"rendered":"https:\/\/verlorene-generation.com\/?post_type=product&#038;p=805"},"modified":"2026-02-11T10:13:45","modified_gmt":"2026-02-11T09:13:45","slug":"felix-und-felka","status":"publish","type":"product","link":"https:\/\/verlorene-generation.com\/en\/product\/felix-und-felka\/","title":{"rendered":"Felix und Felka"},"content":{"rendered":"<p>Der Lebensweg der j\u00fcdischen K\u00fcnstlerin <a href=\"https:\/\/verlorene-generation.com\/en\/kuenstler\/felka-platek\/\">Felka Platek (1899 \u2013 1944)<\/a> war w\u00e4hrend der NS-Zeit durch Arbeit im Verborgenen und Verfolgung gezeichnet. Eines ihrer heute sehr seltenen \u00d6lgem\u00e4lde ist Bestandteil der Sammlung B\u00f6hme. Plateks bislang vergessene Geschichte soll nun wieder bekannt gemacht werden. Der ergreifende Roman \u201eFelix und Felka\u201c von Hans Joachim Sch\u00e4dlich schlie\u00dft sich dieser Aufgabe an und erz\u00e4hlt von den Erlebnissen der K\u00fcnstlerin und ihres Lebensgef\u00e4hrten Felix Nussbaum (1904-1944).<\/p>\n<p>&nbsp;<\/p>\n<p><strong>Klappentext:<\/strong><\/p>\n<p>Das j\u00fcdische Malerpaar Felix Nussbaum und Felka Platek auf der Flucht vor dem Zugriff der Nazis. Die Odyssee von Rom \u00fcber Paris nach Br\u00fcssel. In knappen, Pointierten Momentbildern macht Hans Joachim Sch\u00e4dlich bewusst, wie \u00c4ngste vor materieller und k\u00fcnstlerischer Existenznot den Blick f\u00fcr den rettenden Ausweg verstellen.<\/p>\n<p>&nbsp;<\/p>","protected":false},"excerpt":{"rendered":"<p><strong>Autor:<\/strong> Hans Joachim Sch\u00e4ndlich<br \/>\n<strong>Sprache:<\/strong> Deutsch<br \/>\n<strong>Buch:<\/strong> Taschenbuch<br \/>\n<strong>Seiten:<\/strong> 189<br \/>\n<strong>Verlag:<\/strong> Rowohlt<\/p>","protected":false},"featured_media":849,"template":"","meta":{"_acf_changed":false,"slim_seo":{"title":"Felix und Felka - Museum der verlorenen Generation","description":"Autor: Hans Joachim Sch\u00e4ndlich Sprache: Deutsch Buch: Taschenbuch Seiten: 189 Verlag: Rowohlt"}},"product_brand":[],"product_cat":[114],"product_tag":[120],"class_list":{"0":"post-805","1":"product","2":"type-product","3":"status-publish","4":"has-post-thumbnail","6":"product_cat-buecher","7":"product_tag-buch","8":"product_shipping_class-faecher-felix-u-felka-jagd-auf-w-sam","10":"first","11":"instock","12":"taxable","13":"shipping-taxable","14":"purchasable","15":"product-type-simple"},"acf":[],"_links":{"self":[{"href":"https:\/\/verlorene-generation.com\/en\/wp-json\/wp\/v2\/product\/805","targetHints":{"allow":["GET"]}}],"collection":[{"href":"https:\/\/verlorene-generation.com\/en\/wp-json\/wp\/v2\/product"}],"about":[{"href":"https:\/\/verlorene-generation.com\/en\/wp-json\/wp\/v2\/types\/product"}],"wp:featuredmedia":[{"embeddable":true,"href":"https:\/\/verlorene-generation.com\/en\/wp-json\/wp\/v2\/media\/849"}],"wp:attachment":[{"href":"https:\/\/verlorene-generation.com\/en\/wp-json\/wp\/v2\/media?parent=805"}],"wp:term":[{"taxonomy":"product_brand","embeddable":true,"href":"https:\/\/verlorene-generation.com\/en\/wp-json\/wp\/v2\/product_brand?post=805"},{"taxonomy":"product_cat","embeddable":true,"href":"https:\/\/verlorene-generation.com\/en\/wp-json\/wp\/v2\/product_cat?post=805"},{"taxonomy":"product_tag","embeddable":true,"href":"https:\/\/verlorene-generation.com\/en\/wp-json\/wp\/v2\/product_tag?post=805"}],"curies":[{"name":"wp","href":"https:\/\/api.w.org\/{rel}","templated":true}]}}