{"id":807,"date":"2025-11-06T15:12:07","date_gmt":"2025-11-06T15:12:07","guid":{"rendered":"https:\/\/verlorene-generation.com\/?post_type=product&#038;p=807"},"modified":"2026-02-06T10:18:32","modified_gmt":"2026-02-06T09:18:32","slug":"plakat-gross-wir-sehen-uns-in-paris","status":"publish","type":"product","link":"https:\/\/verlorene-generation.com\/en\/product\/plakat-gross-wir-sehen-uns-in-paris\/","title":{"rendered":"Plakat Gro\u00df - Wir sehen uns in PARIS!"},"content":{"rendered":"<p><strong>Ausstellungsplakat:<\/strong> <a href=\"https:\/\/verlorene-generation.com\/en\/ausstellung\/wir-sehen-uns-in-paris\/\">Wir sehen uns in PARIS! Schicksale aus der Sammlung B\u00f6hme<\/a><\/p>\n<p><strong>Ausstellungszeitraum:<\/strong> 16. April 2022 \u2013 J\u00e4nner 2023<\/p>\n<p><strong>Produktma\u00dfe:<\/strong> A1 59,4 cm x 84,1 cm<\/p>\n<p><strong>Motiv:<\/strong> <a href=\"https:\/\/verlorene-generation.com\/en\/kuenstler\/arthur-kaufmann\/\">Arthur Kaufmann<\/a> (1888-1971): <a href=\"https:\/\/verlorene-generation.com\/en\/werke\/portraet-einer-jungen-dame-arthur-kaufmann\/\">Portr\u00e4t einer jungen Dame<\/a>, o. D., \u00d6l auf Leinwand auf Platte, 61 \u00d7 50 cm.<\/p>\n<p><strong>Foto:<\/strong> Florian St\u00fcrzenbaum<\/p>\n<p><strong>\u00a9<\/strong> Bildrecht Wien 2022<\/p>","protected":false},"excerpt":{"rendered":"<p><strong>Ausstellungsplakat Gro\u00df - A1<\/strong><br \/>\n<a href=\"https:\/\/verlorene-generation.com\/en\/ausstellung\/wir-sehen-uns-in-paris\/\">Wir sehen uns in PARIS! Schicksale aus der Sammlung B\u00f6hme<\/a><br \/>\n16. April 2022 \u2013 J\u00e4nner 2023<\/p>","protected":false},"featured_media":853,"template":"","meta":{"_acf_changed":false,"slim_seo":{"title":"Plakat Gro\u00df - Wir sehen uns in PARIS! - Museum der verlorenen Generation","description":"Ausstellungsplakat Gro\u00df - A1 Wir sehen uns in PARIS! Schicksale aus der Sammlung B\u00f6hme 16. April 2022 \u2013 J\u00e4nner 2023"}},"product_brand":[],"product_cat":[121],"product_tag":[],"class_list":{"0":"post-807","1":"product","2":"type-product","3":"status-publish","4":"has-post-thumbnail","6":"product_cat-plakate","7":"product_shipping_class-poster-gross","9":"first","10":"instock","11":"taxable","12":"shipping-taxable","13":"purchasable","14":"product-type-simple"},"acf":[],"_links":{"self":[{"href":"https:\/\/verlorene-generation.com\/en\/wp-json\/wp\/v2\/product\/807","targetHints":{"allow":["GET"]}}],"collection":[{"href":"https:\/\/verlorene-generation.com\/en\/wp-json\/wp\/v2\/product"}],"about":[{"href":"https:\/\/verlorene-generation.com\/en\/wp-json\/wp\/v2\/types\/product"}],"wp:featuredmedia":[{"embeddable":true,"href":"https:\/\/verlorene-generation.com\/en\/wp-json\/wp\/v2\/media\/853"}],"wp:attachment":[{"href":"https:\/\/verlorene-generation.com\/en\/wp-json\/wp\/v2\/media?parent=807"}],"wp:term":[{"taxonomy":"product_brand","embeddable":true,"href":"https:\/\/verlorene-generation.com\/en\/wp-json\/wp\/v2\/product_brand?post=807"},{"taxonomy":"product_cat","embeddable":true,"href":"https:\/\/verlorene-generation.com\/en\/wp-json\/wp\/v2\/product_cat?post=807"},{"taxonomy":"product_tag","embeddable":true,"href":"https:\/\/verlorene-generation.com\/en\/wp-json\/wp\/v2\/product_tag?post=807"}],"curies":[{"name":"wp","href":"https:\/\/api.w.org\/{rel}","templated":true}]}}