{"id":864,"date":"2025-11-06T15:19:07","date_gmt":"2025-11-06T15:19:07","guid":{"rendered":"https:\/\/verlorene-generation.com\/?post_type=product&#038;p=864"},"modified":"2026-02-06T10:25:21","modified_gmt":"2026-02-06T09:25:21","slug":"postkartenset-sammlung-boehme","status":"publish","type":"product","link":"https:\/\/verlorene-generation.com\/en\/product\/postkartenset-sammlung-boehme\/","title":{"rendered":"Postkartenset \"Sammlung B\u00f6hme\""},"content":{"rendered":"<p><strong>Entdecken Sie eine Auswahl prominenter Werke aus der Sammlung B\u00f6hme!<\/strong><\/p>\n<p><strong>Motive:<\/strong><\/p>\n<p><a href=\"https:\/\/verlorene-generation.com\/en\/werke\/2017-0215-grossegler-auf-hoher-see-by-heinrich-emil-adametz\/\">Heinrich Emil Adametz (1884 \u2013 1971): Gro\u00dfsegler auf hoher See<\/a>, 1927, \u00d6l auf Sperrholz, 107 \u00d7 80 cm<br \/>\nFoto: Hubert Auer<br \/>\n\u00a9 Axel Besener, Berlin<\/p>\n<p><a href=\"https:\/\/verlorene-generation.com\/en\/werke\/2017-0225-weiblicher-akt-nach-dem-bade-by-rudolf-jacobi\/\">Rudolf Jacobi (1889 \u2013 1974): Weiblicher Akt vor dem Bade<\/a>, 1927, \u00d6l auf Leinwand, 100 \u00d7 80,5 cm<br \/>\nFoto: Hubert Auer<br \/>\n\u00a9 Rudolf Jacobi<\/p>\n<p><a href=\"https:\/\/verlorene-generation.com\/en\/werke\/2016-0011-die-gruppe-ghat-by-emil-betzler\/\">Emil Betzler (1892 \u2013 1974): Die K\u00fcnstlergruppe \"Ghat<\/a>\", 1920, \u00d6l auf Pressspanplatte, 98 \u00d7 82,5<br \/>\nFoto: Florian St\u00fcrzenbaum<br \/>\n\u00a9 Bildrecht Wien 2022<\/p>\n<p>Unbekannte:r K\u00fcnstler:in: Mutter in die K\u00fcche, 1936, \u00d6l auf Holz, 120 \u00d7 62 cm<br \/>\nFoto: Hubert Auer<\/p>\n<p><a href=\"https:\/\/verlorene-generation.com\/en\/werke\/2017-0204-lesendes-paar-am-tisch-by-elisabeth-ronget\/\">Elisabeth Ronget-Bohm (1893 \u2013 1972): Lesendes Paar am Tisch<\/a>, 1933, \u00d6l auf Leinwand, 80 \u00d7 113 cm<br \/>\nFoto: Hubert Auer<br \/>\n\u00a9 Elisabeth Ronget-Bohm<\/p>\n<p><a href=\"https:\/\/verlorene-generation.com\/en\/werke\/2021-0410-stillleben-mit-apfel-birne-und-herz-von-wilhelm-dodel\/\">Wilhelm Dodel (1907 \u2013 1944): Stillleben mit Apfel, Birne und Herz<\/a>, 1936, \u00d6l auf Leinwand, 24,7 \u00d7 34,9 cm<br \/>\nFoto: Hubert Auer<br \/>\n\u00a9 Wilhelm Dodel<\/p>\n<p><a href=\"https:\/\/verlorene-generation.com\/en\/werke\/2018-0267-tafelrunde-by-heinrich-esser\/\">Heinrich Esser (1895 \u2013 1985): Tafelrunde<\/a>, o. D., \u00d6l auf Leinwand, 75 \u00d7 150 cm<br \/>\nFoto: Hubert Auer<br \/>\n\u00a9 Heinrich Esser<\/p>\n<p><a href=\"https:\/\/verlorene-generation.com\/en\/werke\/2016-0132-portrat-ludwig-jonas-by-helmut-ruhemann\/\">Helmut Ruhemann (1891 \u2013 1973): Portr\u00e4t Ludwig Jonas (1887 \u2013 1942)<\/a>, 1912, \u00d6l auf Leinwand, 60 \u00d7 47 cm<br \/>\nFoto: Florian St\u00fcrzenbaum<br \/>\n\u00a9 Helmut Ruhemann<\/p>\n<p><a href=\"https:\/\/verlorene-generation.com\/en\/werke\/portraet-mela-kempinski-1908-1973-von-eugen-spiro\/\">Eugen Spiro (1874 \u2013 1972): Portr\u00e4t Mela Kempinski<\/a> (1908 \u2013 1973), 1933, \u00d6l auf Leinwand, 92\u00d7 73 cm<br \/>\nFoto: Hubert Auer<br \/>\n\u00a9 Bildrecht Wien 2022<\/p>\n<p><a href=\"https:\/\/verlorene-generation.com\/en\/werke\/traubenstillleben-von-charlotte-berend-corinth\/\">Charlotte Berend-Corinth (1880 - 1967): Traubenstillleben<\/a>, 1923, \u00d6l auf Leinwand, 52 x 62 cm<br \/>\nFoto: Hubert Auer<br \/>\n\u00a9 Charlotte Berend-Corinth<\/p>\n<p>&nbsp;<\/p>\n<p>&nbsp;<\/p>","protected":false},"excerpt":{"rendered":"<p>Entdecken Sie eine Auswahl prominenter Werke aus der Sammlung B\u00f6hme!<\/p>","protected":false},"featured_media":920,"template":"","meta":{"_acf_changed":false,"slim_seo":{"title":"Postkartenset \"Sammlung B\u00f6hme\" - Museum der verlorenen Generation","description":"Entdecken Sie eine Auswahl prominenter Werke aus der Sammlung B\u00f6hme!"}},"product_brand":[],"product_cat":[115,135],"product_tag":[],"class_list":{"0":"post-864","1":"product","2":"type-product","3":"status-publish","4":"has-post-thumbnail","6":"product_cat-handelsware","7":"product_cat-uncategorized","8":"product_shipping_class-faecher-felix-u-felka-jagd-auf-w-sam","10":"first","11":"instock","12":"taxable","13":"shipping-taxable","14":"purchasable","15":"product-type-simple"},"acf":[],"_links":{"self":[{"href":"https:\/\/verlorene-generation.com\/en\/wp-json\/wp\/v2\/product\/864","targetHints":{"allow":["GET"]}}],"collection":[{"href":"https:\/\/verlorene-generation.com\/en\/wp-json\/wp\/v2\/product"}],"about":[{"href":"https:\/\/verlorene-generation.com\/en\/wp-json\/wp\/v2\/types\/product"}],"wp:featuredmedia":[{"embeddable":true,"href":"https:\/\/verlorene-generation.com\/en\/wp-json\/wp\/v2\/media\/920"}],"wp:attachment":[{"href":"https:\/\/verlorene-generation.com\/en\/wp-json\/wp\/v2\/media?parent=864"}],"wp:term":[{"taxonomy":"product_brand","embeddable":true,"href":"https:\/\/verlorene-generation.com\/en\/wp-json\/wp\/v2\/product_brand?post=864"},{"taxonomy":"product_cat","embeddable":true,"href":"https:\/\/verlorene-generation.com\/en\/wp-json\/wp\/v2\/product_cat?post=864"},{"taxonomy":"product_tag","embeddable":true,"href":"https:\/\/verlorene-generation.com\/en\/wp-json\/wp\/v2\/product_tag?post=864"}],"curies":[{"name":"wp","href":"https:\/\/api.w.org\/{rel}","templated":true}]}}