{"id":868,"date":"2025-11-06T15:19:34","date_gmt":"2025-11-06T15:19:34","guid":{"rendered":"https:\/\/verlorene-generation.com\/?post_type=product&#038;p=868"},"modified":"2026-02-06T10:24:29","modified_gmt":"2026-02-06T09:24:29","slug":"lesezeichen-strassenszene-mit-gepaeckmann","status":"publish","type":"product","link":"https:\/\/verlorene-generation.com\/en\/product\/lesezeichen-strassenszene-mit-gepaeckmann\/","title":{"rendered":"Lesezeichen: Stra\u00dfenszene mit Gep\u00e4ckmann"},"content":{"rendered":"<h3>Motiv:<\/h3>\n<p><a href=\"https:\/\/verlorene-generation.com\/en\/werke\/strassenszene-von-karl-tratt\/\">Karl Tratt (1900 \u2013 1937)<\/a><br \/>\nStra\u00dfenszene mit Gep\u00e4ckmann<br \/>\n1932<br \/>\n101,3 \u00d7 76 cm<br \/>\n\u00d6l auf Karton<br \/>\nFoto: Hubert Auer<br \/>\n\u00a9 Karl Tratt<\/p>\n<p>&nbsp;<\/p>\n<p>&nbsp;<\/p>","protected":false},"excerpt":{"rendered":"<p>Unsere wundersch\u00f6n bedruckten Kunst-Lesezeichen sind perfekt f\u00fcr Kunstliebhaber und Leseratten gleicherma\u00dfen!<\/p>","protected":false},"featured_media":922,"template":"","meta":{"_acf_changed":false,"slim_seo":{"title":"Lesezeichen: Stra\u00dfenszene mit Gep\u00e4ckmann - Museum der verlorenen Generation","description":"Unsere wundersch\u00f6n bedruckten Kunst-Lesezeichen sind perfekt f\u00fcr Kunstliebhaber und Leseratten gleicherma\u00dfen!"}},"product_brand":[],"product_cat":[115],"product_tag":[],"class_list":{"0":"post-868","1":"product","2":"type-product","3":"status-publish","4":"has-post-thumbnail","6":"product_cat-handelsware","7":"product_shipping_class-jahreskarte","9":"first","10":"instock","11":"taxable","12":"shipping-taxable","13":"purchasable","14":"product-type-simple"},"acf":[],"_links":{"self":[{"href":"https:\/\/verlorene-generation.com\/en\/wp-json\/wp\/v2\/product\/868","targetHints":{"allow":["GET"]}}],"collection":[{"href":"https:\/\/verlorene-generation.com\/en\/wp-json\/wp\/v2\/product"}],"about":[{"href":"https:\/\/verlorene-generation.com\/en\/wp-json\/wp\/v2\/types\/product"}],"wp:featuredmedia":[{"embeddable":true,"href":"https:\/\/verlorene-generation.com\/en\/wp-json\/wp\/v2\/media\/922"}],"wp:attachment":[{"href":"https:\/\/verlorene-generation.com\/en\/wp-json\/wp\/v2\/media?parent=868"}],"wp:term":[{"taxonomy":"product_brand","embeddable":true,"href":"https:\/\/verlorene-generation.com\/en\/wp-json\/wp\/v2\/product_brand?post=868"},{"taxonomy":"product_cat","embeddable":true,"href":"https:\/\/verlorene-generation.com\/en\/wp-json\/wp\/v2\/product_cat?post=868"},{"taxonomy":"product_tag","embeddable":true,"href":"https:\/\/verlorene-generation.com\/en\/wp-json\/wp\/v2\/product_tag?post=868"}],"curies":[{"name":"wp","href":"https:\/\/api.w.org\/{rel}","templated":true}]}}