{"id":879,"date":"2025-11-06T15:20:44","date_gmt":"2025-11-06T15:20:44","guid":{"rendered":"https:\/\/verlorene-generation.com\/?post_type=product&#038;p=879"},"modified":"2026-02-06T10:20:00","modified_gmt":"2026-02-06T09:20:00","slug":"dauerkalender","status":"publish","type":"product","link":"https:\/\/verlorene-generation.com\/en\/product\/dauerkalender\/","title":{"rendered":"Dauerkalender"},"content":{"rendered":"<p><span class=\"WdYUQQ text-decoration-none text-strikethrough-none\">Entdecken Sie jeden Monat ein Highlight aus der Sammlung B\u00f6hme! Dieser Kalender kann jedes Jahr wiederverwendet werden - der perfekte Begleiter f\u00fcr die wichtigen Tage im Jahr wie Geburts-, Jahres- oder Hochzeitstage.<\/span><\/p>\n<p>21 x 31 cm<\/p>\n<p>14 Seiten - eine f\u00fcr jeden Monat, einschlie\u00dflich Umschlag und R\u00fcckseite.<\/p>\n<p>&nbsp;<\/p>\n<p>&nbsp;<\/p>","protected":false},"excerpt":{"rendered":"<p>Wiederverwendbarer <strong>Dauerkalender<\/strong> mit 12 Highlights aus der Sammlung B\u00f6hme!<\/p>\n<p>&nbsp;<\/p>","protected":false},"featured_media":935,"template":"","meta":{"_acf_changed":false,"slim_seo":{"title":"Dauerkalender - Museum der verlorenen Generation","description":"Wiederverwendbarer Dauerkalender mit 12 Highlights aus der Sammlung B\u00f6hme! &nbsp;"}},"product_brand":[],"product_cat":[115],"product_tag":[],"class_list":{"0":"post-879","1":"product","2":"type-product","3":"status-publish","4":"has-post-thumbnail","6":"product_cat-handelsware","7":"product_shipping_class-faecher-felix-u-felka-jagd-auf-w-sam","9":"first","10":"instock","11":"sale","12":"taxable","13":"shipping-taxable","14":"purchasable","15":"product-type-simple"},"acf":[],"_links":{"self":[{"href":"https:\/\/verlorene-generation.com\/en\/wp-json\/wp\/v2\/product\/879","targetHints":{"allow":["GET"]}}],"collection":[{"href":"https:\/\/verlorene-generation.com\/en\/wp-json\/wp\/v2\/product"}],"about":[{"href":"https:\/\/verlorene-generation.com\/en\/wp-json\/wp\/v2\/types\/product"}],"wp:featuredmedia":[{"embeddable":true,"href":"https:\/\/verlorene-generation.com\/en\/wp-json\/wp\/v2\/media\/935"}],"wp:attachment":[{"href":"https:\/\/verlorene-generation.com\/en\/wp-json\/wp\/v2\/media?parent=879"}],"wp:term":[{"taxonomy":"product_brand","embeddable":true,"href":"https:\/\/verlorene-generation.com\/en\/wp-json\/wp\/v2\/product_brand?post=879"},{"taxonomy":"product_cat","embeddable":true,"href":"https:\/\/verlorene-generation.com\/en\/wp-json\/wp\/v2\/product_cat?post=879"},{"taxonomy":"product_tag","embeddable":true,"href":"https:\/\/verlorene-generation.com\/en\/wp-json\/wp\/v2\/product_tag?post=879"}],"curies":[{"name":"wp","href":"https:\/\/api.w.org\/{rel}","templated":true}]}}