{"id":895,"date":"2025-11-06T15:22:24","date_gmt":"2025-11-06T15:22:24","guid":{"rendered":"https:\/\/verlorene-generation.com\/?post_type=product&#038;p=895"},"modified":"2026-02-06T09:24:37","modified_gmt":"2026-02-06T08:24:37","slug":"plakat-gross-beyond-beckmann-part-ii","status":"publish","type":"product","link":"https:\/\/verlorene-generation.com\/en\/product\/plakat-gross-beyond-beckmann-part-ii\/","title":{"rendered":"Plakat Gro\u00df - Beyond Beckmann Part II"},"content":{"rendered":"<p><strong>Ausstellungsplakat: <a href=\"https:\/\/verlorene-generation.com\/en\/ausstellung\/beyond-beckmann-part-ii\/\">Beyond Beckmann Part II. Von der Meisterklasse bis zur Sammlung B\u00f6hme<\/a><\/strong><\/p>\n<p><strong>Ausstellungszeitraum:<\/strong> 10. Mai 2024 - 5. Oktober 2024<\/p>\n<p><strong>Produktma\u00dfe:<\/strong> A1 59,4 cm x 84,1 cm<\/p>\n<p><strong>Motiv:<\/strong> <a href=\"https:\/\/verlorene-generation.com\/en\/werke\/bildnis-einer-rauchenden\/\">Inge Hergenhahn-Dinand: Bildnis einer Rauchenden<\/a>, 1953, \u00d6l auf Leinwand<\/p>\n<p><strong>Foto:<\/strong> Hubert Auer<\/p>\n<p>\u00a9 Erben Hergenhahn-Dinand<\/p>\n<p><span data-teams=\"true\"><span class=\"ui-provider a b c d e f g h i j k l m n o p q r s t u v w x y z ab ac ae af ag ah ai aj ak\" dir=\"ltr\">\u00a0<\/span><\/span><\/p>","protected":false},"excerpt":{"rendered":"<p><strong>Ausstellungsplakat Gro\u00df - A1<\/strong><\/p>\n<p><strong><a href=\"https:\/\/verlorene-generation.com\/en\/ausstellung\/beyond-beckmann-part-ii\/\">Beyond Beckmann Part II. Von der Meisterklasse bis zur Sammlung B\u00f6hme<\/a><\/strong><\/p>\n<p>10. Mai 2024 - 5. Oktober 2024<\/p>","protected":false},"featured_media":947,"template":"","meta":{"_acf_changed":false,"slim_seo":{"title":"Plakat Gro\u00df - Beyond Beckmann Part II - Museum der verlorenen Generation","description":"Ausstellungsplakat Gro\u00df - A1 Beyond Beckmann Part II. Von der Meisterklasse bis zur Sammlung B\u00f6hme 10. Mai 2024 - 5. Oktober 2024"}},"product_brand":[],"product_cat":[121],"product_tag":[],"class_list":{"0":"post-895","1":"product","2":"type-product","3":"status-publish","4":"has-post-thumbnail","6":"product_cat-plakate","7":"product_shipping_class-poster-gross","9":"first","10":"instock","11":"taxable","12":"shipping-taxable","13":"purchasable","14":"product-type-simple"},"acf":[],"_links":{"self":[{"href":"https:\/\/verlorene-generation.com\/en\/wp-json\/wp\/v2\/product\/895","targetHints":{"allow":["GET"]}}],"collection":[{"href":"https:\/\/verlorene-generation.com\/en\/wp-json\/wp\/v2\/product"}],"about":[{"href":"https:\/\/verlorene-generation.com\/en\/wp-json\/wp\/v2\/types\/product"}],"wp:featuredmedia":[{"embeddable":true,"href":"https:\/\/verlorene-generation.com\/en\/wp-json\/wp\/v2\/media\/947"}],"wp:attachment":[{"href":"https:\/\/verlorene-generation.com\/en\/wp-json\/wp\/v2\/media?parent=895"}],"wp:term":[{"taxonomy":"product_brand","embeddable":true,"href":"https:\/\/verlorene-generation.com\/en\/wp-json\/wp\/v2\/product_brand?post=895"},{"taxonomy":"product_cat","embeddable":true,"href":"https:\/\/verlorene-generation.com\/en\/wp-json\/wp\/v2\/product_cat?post=895"},{"taxonomy":"product_tag","embeddable":true,"href":"https:\/\/verlorene-generation.com\/en\/wp-json\/wp\/v2\/product_tag?post=895"}],"curies":[{"name":"wp","href":"https:\/\/api.w.org\/{rel}","templated":true}]}}