{"id":905,"date":"2025-11-06T15:23:51","date_gmt":"2025-11-06T15:23:51","guid":{"rendered":"https:\/\/verlorene-generation.com\/?post_type=product&#038;p=905"},"modified":"2025-11-06T15:29:54","modified_gmt":"2025-11-06T15:29:54","slug":"grusskarte-winterlandschaft-auf-sylt","status":"publish","type":"product","link":"https:\/\/verlorene-generation.com\/en\/product\/grusskarte-winterlandschaft-auf-sylt\/","title":{"rendered":"Gru\u00dfkarte \"Winterlandschaft auf Sylt\""},"content":{"rendered":"<p><strong>Gru\u00dfkarte (Blanko) mit dunkelblauem Umschlag<\/strong><\/p>\n<p><strong>Produktma\u00dfe:<\/strong> Gefaltetes Format A6 (10,5 x 14,7 cm)<\/p>\n<p><strong>Motiv: <a href=\"https:\/\/verlorene-generation.com\/en\/kuenstler\/franz-korwan\/\">Franz Korwan (1865-1942): Winterlandschaft auf Sylt (1897), \u00d6l auf Malpappe.<\/a><\/strong><\/p>\n<p><strong>Foto:<\/strong> Hubert Auer<\/p>\n<p>&nbsp;<\/p>\n<p>&nbsp;<\/p>","protected":false},"excerpt":{"rendered":"<p>Diese Gru\u00dfkarte mit zauberhaftem Wintermotiv aus der Sammlung B\u00f6hme ist die perfekte Wahl f\u00fcr die festliche Jahreszeit. Ob f\u00fcr herzliche Winterbotschaften oder kreative Notizen \u2013 die blanko Innenseite bietet gro\u00dfz\u00fcgigen Platz f\u00fcr Ihre individuellen Worte!<\/p>","protected":false},"featured_media":954,"template":"","meta":{"_acf_changed":false,"slim_seo":{"title":"Gru\u00dfkarte \"Winterlandschaft auf Sylt\" - Museum der verlorenen Generation","description":"Diese Gru\u00dfkarte mit zauberhaftem Wintermotiv aus der Sammlung B\u00f6hme ist die perfekte Wahl f\u00fcr die festliche Jahreszeit. Ob f\u00fcr herzliche Winterbotschaften oder"}},"product_brand":[],"product_cat":[115],"product_tag":[],"class_list":{"0":"post-905","1":"product","2":"type-product","3":"status-publish","4":"has-post-thumbnail","6":"product_cat-handelsware","7":"product_shipping_class-jahreskarte","9":"first","10":"instock","11":"taxable","12":"shipping-taxable","13":"purchasable","14":"product-type-simple"},"acf":[],"_links":{"self":[{"href":"https:\/\/verlorene-generation.com\/en\/wp-json\/wp\/v2\/product\/905","targetHints":{"allow":["GET"]}}],"collection":[{"href":"https:\/\/verlorene-generation.com\/en\/wp-json\/wp\/v2\/product"}],"about":[{"href":"https:\/\/verlorene-generation.com\/en\/wp-json\/wp\/v2\/types\/product"}],"wp:featuredmedia":[{"embeddable":true,"href":"https:\/\/verlorene-generation.com\/en\/wp-json\/wp\/v2\/media\/954"}],"wp:attachment":[{"href":"https:\/\/verlorene-generation.com\/en\/wp-json\/wp\/v2\/media?parent=905"}],"wp:term":[{"taxonomy":"product_brand","embeddable":true,"href":"https:\/\/verlorene-generation.com\/en\/wp-json\/wp\/v2\/product_brand?post=905"},{"taxonomy":"product_cat","embeddable":true,"href":"https:\/\/verlorene-generation.com\/en\/wp-json\/wp\/v2\/product_cat?post=905"},{"taxonomy":"product_tag","embeddable":true,"href":"https:\/\/verlorene-generation.com\/en\/wp-json\/wp\/v2\/product_tag?post=905"}],"curies":[{"name":"wp","href":"https:\/\/api.w.org\/{rel}","templated":true}]}}