{"id":906,"date":"2025-11-06T15:23:56","date_gmt":"2025-11-06T15:23:56","guid":{"rendered":"https:\/\/verlorene-generation.com\/?post_type=product&#038;p=906"},"modified":"2025-11-25T15:15:30","modified_gmt":"2025-11-25T15:15:30","slug":"spirou-oder-die-hoffnung","status":"publish","type":"product","link":"https:\/\/verlorene-generation.com\/en\/product\/spirou-oder-die-hoffnung\/","title":{"rendered":"SPIROU oder: die Hoffnung"},"content":{"rendered":"<p><strong>Klappentext:<\/strong><\/p>\n<p>Br\u00fcssel im Januar 1940. Der Krieg! Die Deutschen! Gibt es dieser Tage denn kein anderes Thema?! Spirou mag es nicht mehr h\u00f6ren. Selbst Fantasio leistet Milit\u00e4rdienst und tr\u00e4umt von gro\u00dfen Heldentaten f\u00fcrs Vaterland. Dabei ist Belgien doch neutral! Als er aber Bekanntschaft mit Felix macht, der neu in Br\u00fcssel ist, beginnt sich Spirous Blick auf die Dinge zu \u00e4ndern: Die Deutschen verfolgen Menschen j\u00fcdischen Glaubens?! Felix war gezwungen, sein Zuhause in Deutschland zu verlassen?! Unglaublich! Als wenig sp\u00e4ter tats\u00e4chlich deutsche Soldaten in Br\u00fcssel einmarschieren und man j\u00fcdische Exilanten auch hier zusammentreiben und in Lager deportieren l\u00e4sst, ist Spirous politisches Bewusstsein erwacht\u2026 \u00a0 Zehn Jahre nach \u201ePortr\u00e4t eines Helden als junger Tor\u201c kn\u00fcpft \u00c9mile Bravo nahtlos an die Geschehnisse seines \u201eSpirou\u201c-Klassikers an. Vor dem Hintergrund des \u00fcber Europa hereinbrechenden deutschen Angriffskriegs erz\u00e4hlt er in vier B\u00e4nden einen Comic-Roman, der Abenteuer, Humor, historische Fakten und philosophische Reflexionen fulminant vereint. Anhand des Schicksals von Spirous Freund Felix gelingt \u00c9mile Bravo zudem eine universelle Auseinandersetzung mit dem Totalitarismus.<\/p>\n<p>&nbsp;<\/p>","protected":false},"excerpt":{"rendered":"<p><strong>Autor:<\/strong> \u00c9mile Bravo<br \/>\n<strong>Sprache:<\/strong> Deutsch<br \/>\n<strong>Buch:<\/strong> Taschenbuch<br \/>\n<strong>Seiten:<\/strong> 96<br \/>\n<strong>Verlag:<\/strong> Carlsen<\/p>","protected":false},"featured_media":957,"template":"","meta":{"_acf_changed":false,"slim_seo":{"title":"SPIROU oder: die Hoffnung - Museum der verlorenen Generation","description":"Autor: \u00c9mile Bravo Sprache: Deutsch Buch: Taschenbuch Seiten: 96 Verlag: Carlsen"}},"product_brand":[],"product_cat":[114],"product_tag":[120],"class_list":{"0":"post-906","1":"product","2":"type-product","3":"status-publish","4":"has-post-thumbnail","6":"product_cat-buecher","7":"product_tag-buch","8":"product_shipping_class-katalog","10":"first","11":"instock","12":"taxable","13":"shipping-taxable","14":"purchasable","15":"product-type-simple"},"acf":[],"_links":{"self":[{"href":"https:\/\/verlorene-generation.com\/en\/wp-json\/wp\/v2\/product\/906","targetHints":{"allow":["GET"]}}],"collection":[{"href":"https:\/\/verlorene-generation.com\/en\/wp-json\/wp\/v2\/product"}],"about":[{"href":"https:\/\/verlorene-generation.com\/en\/wp-json\/wp\/v2\/types\/product"}],"wp:featuredmedia":[{"embeddable":true,"href":"https:\/\/verlorene-generation.com\/en\/wp-json\/wp\/v2\/media\/957"}],"wp:attachment":[{"href":"https:\/\/verlorene-generation.com\/en\/wp-json\/wp\/v2\/media?parent=906"}],"wp:term":[{"taxonomy":"product_brand","embeddable":true,"href":"https:\/\/verlorene-generation.com\/en\/wp-json\/wp\/v2\/product_brand?post=906"},{"taxonomy":"product_cat","embeddable":true,"href":"https:\/\/verlorene-generation.com\/en\/wp-json\/wp\/v2\/product_cat?post=906"},{"taxonomy":"product_tag","embeddable":true,"href":"https:\/\/verlorene-generation.com\/en\/wp-json\/wp\/v2\/product_tag?post=906"}],"curies":[{"name":"wp","href":"https:\/\/api.w.org\/{rel}","templated":true}]}}