{"id":908,"date":"2025-11-06T15:24:02","date_gmt":"2025-11-06T15:24:02","guid":{"rendered":"https:\/\/verlorene-generation.com\/?post_type=product&#038;p=908"},"modified":"2026-02-11T10:19:15","modified_gmt":"2026-02-11T09:19:15","slug":"liebe-in-zeiten-des-hasses-chronik-eines-gefuehls-1929-1939","status":"publish","type":"product","link":"https:\/\/verlorene-generation.com\/en\/product\/liebe-in-zeiten-des-hasses-chronik-eines-gefuehls-1929-1939\/","title":{"rendered":"Liebe in Zeiten des Hasses - Chronik eines Gef\u00fchls 1929-1939"},"content":{"rendered":"<p>W\u00e4hrend Jean-Paul Sartre mit Simone de Beauvoir in Berlin K\u00e4sekuchen isst, Henry Miller und Ana\u00efs Nin wilde N\u00e4chte in Paris und \u00bbStille Tage in Clichy\u00ab erleben und Marlene Dietrich sich in Hollywood t\u00e4glich neu verliebt, fliehen Bertolt Brecht und Helene Weigel, Thomas und Katia Mann, Hannah Arendt und Tausende andere ins Exil. In einem virtuosen Epochengem\u00e4lde f\u00fchrt Florian Illies uns zur\u00fcck in eine dramatische Zeit und erz\u00e4hlt von der berstenden politischen und kulturellen Spannung zwischen 1929 und 1939. Eine fesselnde Reise in die Leidenschaften eines Jahrzehnts, die sich wie ein Kommentar zu unserer verunsicherten Gegenwart liest.<\/p>\n<p>\u00bbLesen Sie bitte dieses Buch, es ist hinrei\u00dfend. Ich habe so viel Neues erfahren, \u00fcber die Liebe, die Kunst und das Grauen.\u00ab Ferdinand von Schirach<\/p>\n<p>&nbsp;<\/p>\n<p>&nbsp;<\/p>","protected":false},"excerpt":{"rendered":"<p><strong>Autor:<\/strong> Florian Illies<br \/>\n<strong>Sprache:<\/strong> Deutsch<br \/>\n<strong>Buch:<\/strong> Taschenbuch<br \/>\n<strong>Seiten:<\/strong> 432<br \/>\n<strong>Verlag:<\/strong> Fischer Taschenbuch Verlag<\/p>","protected":false},"featured_media":959,"template":"","meta":{"_acf_changed":false,"slim_seo":{"title":"Liebe in Zeiten des Hasses - Chronik eines Gef\u00fchls 1929-1939 - Museum der verlorenen Generation","description":"Autor: Florian Illies Sprache: Deutsch Buch: Taschenbuch Seiten: 432 Verlag: Fischer Taschenbuch Verlag"}},"product_brand":[],"product_cat":[114],"product_tag":[120],"class_list":{"0":"post-908","1":"product","2":"type-product","3":"status-publish","4":"has-post-thumbnail","6":"product_cat-buecher","7":"product_tag-buch","8":"product_shipping_class-faecher-felix-u-felka-jagd-auf-w-sam","10":"first","11":"instock","12":"taxable","13":"shipping-taxable","14":"purchasable","15":"product-type-simple"},"acf":[],"_links":{"self":[{"href":"https:\/\/verlorene-generation.com\/en\/wp-json\/wp\/v2\/product\/908","targetHints":{"allow":["GET"]}}],"collection":[{"href":"https:\/\/verlorene-generation.com\/en\/wp-json\/wp\/v2\/product"}],"about":[{"href":"https:\/\/verlorene-generation.com\/en\/wp-json\/wp\/v2\/types\/product"}],"wp:featuredmedia":[{"embeddable":true,"href":"https:\/\/verlorene-generation.com\/en\/wp-json\/wp\/v2\/media\/959"}],"wp:attachment":[{"href":"https:\/\/verlorene-generation.com\/en\/wp-json\/wp\/v2\/media?parent=908"}],"wp:term":[{"taxonomy":"product_brand","embeddable":true,"href":"https:\/\/verlorene-generation.com\/en\/wp-json\/wp\/v2\/product_brand?post=908"},{"taxonomy":"product_cat","embeddable":true,"href":"https:\/\/verlorene-generation.com\/en\/wp-json\/wp\/v2\/product_cat?post=908"},{"taxonomy":"product_tag","embeddable":true,"href":"https:\/\/verlorene-generation.com\/en\/wp-json\/wp\/v2\/product_tag?post=908"}],"curies":[{"name":"wp","href":"https:\/\/api.w.org\/{rel}","templated":true}]}}