{"id":911,"date":"2025-11-06T15:24:37","date_gmt":"2025-11-06T15:24:37","guid":{"rendered":"https:\/\/verlorene-generation.com\/?post_type=product&#038;p=911"},"modified":"2025-11-25T15:09:35","modified_gmt":"2025-11-25T15:09:35","slug":"rose-valland-und-die-liebe-zur-kunst","status":"publish","type":"product","link":"https:\/\/verlorene-generation.com\/en\/product\/rose-valland-und-die-liebe-zur-kunst\/","title":{"rendered":"Rose Valland und die Liebe zur Kunst"},"content":{"rendered":"<p>Es hat Jahrzehnte gedauert, bis Rose Valland (1898-1980) von ihren franz\u00f6sischen Landsleuten als Heldin entdeckt und geehrt wurde. In Deutschland ist sie bis heute weitgehend unbekannt. Dabei hat sie mehr als 60 000 Kunstwerke vor dem Verlust\u00a0gerettet\u00a0und in zahllosen F\u00e4llen die Voraussetzungen f\u00fcr Restitutionen geschaffen.<\/p>\n<p>W\u00e4hrend der nationalsozialistischen Pl\u00fcnderungen in Frankreich begann sie, heimlich gestohlene Werke zu registrieren, die das Museum Jeu de Paume durchliefen. Dabei holte sie weggeworfene Notizen aus M\u00fclleimern und h\u00f6rte die Unterredungen von Amtspersonen ab. Die so erlangten Informationen \u00fcbermittelte sie an die R\u00e9sistance und riskierte dabei ihr Leben. Nach dem Krieg reiste sie im Rang eines Hauptmanns nach Deutschland, um geraubte Kunst aufzusp\u00fcren.<\/p>\n<p>Rose Valland verfolgte ihre Mission der Gerechtigkeit bis zu ihrem Tod. Sie wurde vielfach ausgezeichnet und doch auch vergessen. Dieses Buch gibt ihr endlich ihren Platz als furchtlose Frau des Widerstands in der Geschichte zur\u00fcck.<\/p>\n<p>Ein Buch wie ein Krimi, nur nicht erfunden.<\/p>\n<p>&nbsp;<\/p>","protected":false},"excerpt":{"rendered":"<p><strong>Autor:<\/strong> Jennifer Lesieur<br \/>\n<strong>Sprache:<\/strong> Deutsch<br \/>\n<strong>Buch:<\/strong> Gebundene Ausgabe<br \/>\n<strong>Seiten:<\/strong> 208<br \/>\n<strong>Verlag:<\/strong> Elisabeth Sandmann Verlag<\/p>","protected":false},"featured_media":961,"template":"","meta":{"_acf_changed":false,"slim_seo":{"title":"Rose Valland und die Liebe zur Kunst - Museum der verlorenen Generation","description":"Autor: Jennifer Lesieur Sprache: Deutsch Buch: Gebundene Ausgabe Seiten: 208 Verlag: Elisabeth Sandmann Verlag"}},"product_brand":[],"product_cat":[114],"product_tag":[120],"class_list":{"0":"post-911","1":"product","2":"type-product","3":"status-publish","4":"has-post-thumbnail","6":"product_cat-buecher","7":"product_tag-buch","8":"product_shipping_class-faecher-felix-u-felka-jagd-auf-w-sam","10":"first","11":"instock","12":"taxable","13":"shipping-taxable","14":"purchasable","15":"product-type-simple"},"acf":[],"_links":{"self":[{"href":"https:\/\/verlorene-generation.com\/en\/wp-json\/wp\/v2\/product\/911","targetHints":{"allow":["GET"]}}],"collection":[{"href":"https:\/\/verlorene-generation.com\/en\/wp-json\/wp\/v2\/product"}],"about":[{"href":"https:\/\/verlorene-generation.com\/en\/wp-json\/wp\/v2\/types\/product"}],"wp:featuredmedia":[{"embeddable":true,"href":"https:\/\/verlorene-generation.com\/en\/wp-json\/wp\/v2\/media\/961"}],"wp:attachment":[{"href":"https:\/\/verlorene-generation.com\/en\/wp-json\/wp\/v2\/media?parent=911"}],"wp:term":[{"taxonomy":"product_brand","embeddable":true,"href":"https:\/\/verlorene-generation.com\/en\/wp-json\/wp\/v2\/product_brand?post=911"},{"taxonomy":"product_cat","embeddable":true,"href":"https:\/\/verlorene-generation.com\/en\/wp-json\/wp\/v2\/product_cat?post=911"},{"taxonomy":"product_tag","embeddable":true,"href":"https:\/\/verlorene-generation.com\/en\/wp-json\/wp\/v2\/product_tag?post=911"}],"curies":[{"name":"wp","href":"https:\/\/api.w.org\/{rel}","templated":true}]}}