{"id":914,"date":"2025-11-06T15:24:46","date_gmt":"2025-11-06T15:24:46","guid":{"rendered":"https:\/\/verlorene-generation.com\/?post_type=product&#038;p=914"},"modified":"2025-11-25T15:04:05","modified_gmt":"2025-11-25T15:04:05","slug":"wir-werden-euch-nicht-vergessen-die-verlorene-generation-ihre-kunst-ihre-geschichten","status":"publish","type":"product","link":"https:\/\/verlorene-generation.com\/en\/product\/wir-werden-euch-nicht-vergessen-die-verlorene-generation-ihre-kunst-ihre-geschichten\/","title":{"rendered":"Wir werden euch nicht vergessen. Die Verlorene Generation. Ihre Kunst. Ihre Geschichten"},"content":{"rendered":"<p>Mit neuen Biografien, gro\u00dfformatigen Abbildungen, einem erweiterten Bestandsverzeichnis mit rund 700 Werken und verkn\u00fcpfenden Textbeitr\u00e4gen er\u00f6ffnet dieser Band ein weiteres Kapitel in der Auseinandersetzung mit einem herausfordernden Erbe. Der Titel <em>Wir werden euch nicht vergessen<\/em> macht deutlich: Ihre Kunst bleibt. Ihre Geschichte lebt weiter.<\/p>\n<p>Hg.\u00a0Heinz R. B\u00f6hme<br \/>\nBeitr\u00e4ge von: Katja Petrowskaja, Marie-Christin Gebhardt, Brian Haman<\/p>\n<p>Mit Geleitworten von Alexander Van der Bellen (Pr\u00e4sident der Republik \u00d6sterreich) und Frank-Walter Steinmeier (Pr\u00e4sident der Bundesrepublik Deutschland)<br \/>\n320 Seiten, gebunden, 770 Abbildungen in Farbe<\/p>","protected":false},"excerpt":{"rendered":"<p>Der zweite Sammlungsband des Museum Kunst der Verlorenen Generation setzt die Wiederentdeckung jener K\u00fcnstlerinnen und K\u00fcnstler fort, die im 20. Jahrhundert unter dem nationalsozialistischen Regime in Deutschland, \u00d6sterreich und anderen Teilen Europas ausgegrenzt, verfolgt, zensiert oder in Vergessenheit gedr\u00e4ngt wurden.<\/p>\n<p>&nbsp;<\/p>","protected":false},"featured_media":964,"template":"","meta":{"_acf_changed":false,"slim_seo":{"title":"Wir werden euch nicht vergessen. Die Verlorene Generation. Ihre Kunst. Ihre Geschichten - Museum der verlorenen Generation","description":"Der zweite Sammlungsband des Museum Kunst der Verlorenen Generation setzt die Wiederentdeckung jener K\u00fcnstlerinnen und K\u00fcnstler fort, die im 20. Jahrhundert unt"}},"product_brand":[],"product_cat":[114],"product_tag":[120],"class_list":{"0":"post-914","1":"product","2":"type-product","3":"status-publish","4":"has-post-thumbnail","6":"product_cat-buecher","7":"product_tag-buch","8":"product_shipping_class-katalog","10":"first","11":"instock","12":"taxable","13":"shipping-taxable","14":"purchasable","15":"product-type-simple"},"acf":[],"_links":{"self":[{"href":"https:\/\/verlorene-generation.com\/en\/wp-json\/wp\/v2\/product\/914","targetHints":{"allow":["GET"]}}],"collection":[{"href":"https:\/\/verlorene-generation.com\/en\/wp-json\/wp\/v2\/product"}],"about":[{"href":"https:\/\/verlorene-generation.com\/en\/wp-json\/wp\/v2\/types\/product"}],"wp:featuredmedia":[{"embeddable":true,"href":"https:\/\/verlorene-generation.com\/en\/wp-json\/wp\/v2\/media\/964"}],"wp:attachment":[{"href":"https:\/\/verlorene-generation.com\/en\/wp-json\/wp\/v2\/media?parent=914"}],"wp:term":[{"taxonomy":"product_brand","embeddable":true,"href":"https:\/\/verlorene-generation.com\/en\/wp-json\/wp\/v2\/product_brand?post=914"},{"taxonomy":"product_cat","embeddable":true,"href":"https:\/\/verlorene-generation.com\/en\/wp-json\/wp\/v2\/product_cat?post=914"},{"taxonomy":"product_tag","embeddable":true,"href":"https:\/\/verlorene-generation.com\/en\/wp-json\/wp\/v2\/product_tag?post=914"}],"curies":[{"name":"wp","href":"https:\/\/api.w.org\/{rel}","templated":true}]}}